{"id":3707,"date":"2023-07-13T07:49:13","date_gmt":"2023-07-13T07:49:13","guid":{"rendered":"https:\/\/halored.com\/contact\/"},"modified":"2026-02-12T08:52:23","modified_gmt":"2026-02-12T08:52:23","slug":"contact","status":"publish","type":"page","link":"https:\/\/halored.com\/en\/contact\/","title":{"rendered":"Contact"},"content":{"rendered":"\t\t<div data-elementor-type=\"wp-page\" data-elementor-id=\"3707\" class=\"elementor elementor-3707 elementor-693\" data-elementor-post-type=\"page\">\n\t\t\t\t\t\t<div class=\"elementor-section elementor-top-section elementor-element elementor-element-d7293c9 elementor-section-content-space-between elementor-section-stretched div-2 elementor-section-boxed elementor-section-height-default elementor-section-height-default\" data-id=\"d7293c9\" data-element_type=\"section\" data-settings=\"{&quot;background_background&quot;:&quot;classic&quot;,&quot;stretch_section&quot;:&quot;section-stretched&quot;}\">\n\t\t\t\t\t\t<div class=\"elementor-container elementor-column-gap-no\">\n\t\t\t\t\t<div class=\"elementor-column elementor-col-50 elementor-top-column elementor-element elementor-element-8cc4ec0\" data-id=\"8cc4ec0\" data-element_type=\"column\">\n\t\t\t<div class=\"elementor-widget-wrap elementor-element-populated\">\n\t\t\t\t\t<div class=\"elementor-background-overlay\"><\/div>\n\t\t\t\t\t\t<div class=\"elementor-element elementor-element-00e2a6b elementor-widget__width-initial ui-e-a-animate elementor-invisible elementor-widget elementor-widget-highlighted-text\" data-id=\"00e2a6b\" data-element_type=\"widget\" data-settings=\"{&quot;_animation&quot;:&quot;fadeInDown&quot;}\" data-widget_type=\"highlighted-text.default\">\n\t\t\t\t<div class=\"elementor-widget-container\">\n\t\t\t\t\t\t\t<h1 class=\"ui-e--highlighted-text\" >\r\n        <span class=\"whitespace\"> <\/span><span class=\"ui-e-headline-text ui-e-headline-color\">\r\n\t\t\t\t\t\t\t<span class=\"ui-e-headline-text ui-e-headline-highlighted\">Contact us<\/span><span class=\"uicore-svg-wrapper\"><svg xmlns=\"http:\/\/www.w3.org\/2000\/svg\" viewBox=\"0 0 500 150\" preserveAspectRatio=\"none\"><\/svg><\/span><\/span><span class=\"whitespace\"> <\/span>        <\/h1>\r\n        \t\t\t\t<\/div>\n\t\t\t\t<\/div>\n\t\t\t\t<div class=\"elementor-element elementor-element-9d2f742 elementor-widget elementor-widget-spacer\" data-id=\"9d2f742\" data-element_type=\"widget\" data-widget_type=\"spacer.default\">\n\t\t\t\t<div class=\"elementor-widget-container\">\n\t\t\t\t\t\t\t<div class=\"elementor-spacer\">\n\t\t\t<div class=\"elementor-spacer-inner\"><\/div>\n\t\t<\/div>\n\t\t\t\t\t\t<\/div>\n\t\t\t\t<\/div>\n\t\t\t\t<div class=\"elementor-element elementor-element-fc5d04c elementor-widget__width-initial elementor-widget-tablet__width-initial elementor-widget-mobile__width-inherit elementor-invisible elementor-widget elementor-widget-text-editor\" data-id=\"fc5d04c\" data-element_type=\"widget\" data-settings=\"{&quot;_animation&quot;:&quot;fadeInDown&quot;}\" data-widget_type=\"text-editor.default\">\n\t\t\t\t<div class=\"elementor-widget-container\">\n\t\t\t\t\t\t\t\t\t<p>Our engineers create lighting solutions that conserve energy and showcase your unique style,<\/p>\n\t\t\t\t\t\t\t\t<\/div>\n\t\t\t\t<\/div>\n\t\t\t\t\t<\/div>\n\t\t<\/div>\n\t\t\t\t<div class=\"elementor-column elementor-col-50 elementor-top-column elementor-element elementor-element-f18a192\" data-id=\"f18a192\" data-element_type=\"column\">\n\t\t\t<div class=\"elementor-widget-wrap elementor-element-populated\">\n\t\t\t\t\t\t<div class=\"elementor-element elementor-element-4aaad48 elementor-hidden-mobile banner-2 elementor-hidden-tablet elementor-widget__width-initial elementor-invisible elementor-widget elementor-widget-image\" data-id=\"4aaad48\" data-element_type=\"widget\" data-settings=\"{&quot;_animation&quot;:&quot;fadeInRight&quot;}\" data-widget_type=\"image.default\">\n\t\t\t\t<div class=\"elementor-widget-container\">\n\t\t\t\t\t\t\t\t\t\t\t\t\t\t\t<img fetchpriority=\"high\" decoding=\"async\" width=\"1146\" height=\"828\" src=\"https:\/\/halored.com\/wp-content\/uploads\/2023\/09\/meist-header-1.png\" class=\"attachment-full size-full wp-image-2312\" alt=\"\" srcset=\"https:\/\/halored.com\/wp-content\/uploads\/2023\/09\/meist-header-1.png 1146w, https:\/\/halored.com\/wp-content\/uploads\/2023\/09\/meist-header-1-300x217.png 300w, https:\/\/halored.com\/wp-content\/uploads\/2023\/09\/meist-header-1-1024x740.png 1024w, https:\/\/halored.com\/wp-content\/uploads\/2023\/09\/meist-header-1-768x555.png 768w, https:\/\/halored.com\/wp-content\/uploads\/2023\/09\/meist-header-1-650x470.png 650w\" sizes=\"(max-width: 1146px) 100vw, 1146px\" \/>\t\t\t\t\t\t\t\t\t\t\t\t\t\t\t<\/div>\n\t\t\t\t<\/div>\n\t\t\t\t\t<\/div>\n\t\t<\/div>\n\t\t\t\t\t<\/div>\n\t\t<\/div>\n\t\t\t\t<div class=\"elementor-section elementor-top-section elementor-element elementor-element-c11a237 elementor-section-boxed elementor-section-height-default elementor-section-height-default\" data-id=\"c11a237\" data-element_type=\"section\" data-settings=\"{&quot;background_background&quot;:&quot;classic&quot;}\">\n\t\t\t\t\t\t\t<div class=\"elementor-background-overlay\"><\/div>\n\t\t\t\t\t\t\t<div class=\"elementor-container elementor-column-gap-default\">\n\t\t\t\t\t<div class=\"elementor-column elementor-col-50 elementor-top-column elementor-element elementor-element-7b16669 elementor-invisible\" data-id=\"7b16669\" data-element_type=\"column\" data-settings=\"{&quot;animation&quot;:&quot;fadeInDown&quot;}\">\n\t\t\t<div class=\"elementor-widget-wrap elementor-element-populated\">\n\t\t\t\t\t\t<div class=\"elementor-element elementor-element-c0d22ea elementor-widget-tablet__width-initial elementor-widget-mobile__width-inherit elementor-widget elementor-widget-heading\" data-id=\"c0d22ea\" data-element_type=\"widget\" data-widget_type=\"heading.default\">\n\t\t\t\t<div class=\"elementor-widget-container\">\n\t\t\t\t\t<h2 class=\"elementor-heading-title elementor-size-default\">Contacts<\/h2>\t\t\t\t<\/div>\n\t\t\t\t<\/div>\n\t\t\t\t<div class=\"elementor-element elementor-element-f2b4d3b elementor-widget__width-initial elementor-widget-tablet__width-initial elementor-widget-mobile__width-inherit elementor-widget elementor-widget-text-editor\" data-id=\"f2b4d3b\" data-element_type=\"widget\" data-widget_type=\"text-editor.default\">\n\t\t\t\t<div class=\"elementor-widget-container\">\n\t\t\t\t\t\t\t\t\t<p><strong>Halored O\u00dc<\/strong><\/p>\n<div class=\"wpb_text_column wpb_content_element \">\n<div class=\"wpb_wrapper\">\n<p>Reg nr: 12163538<\/p>\n<p>Vat: EE101480147<\/p>\n<p>EORI: <\/p>\n<p><b>Office :<\/b> <a href=\"tel:+3726561646\">+372 656 1 646<\/a><\/p>\n<p><strong>Warehouse:<\/strong> <a href=\"tel:+3725527365\">+372 552 7365<\/a><\/p>\n<p><b>Opening hours:<\/b> Mon \u2013 Fri \/ 9:00 \u2013 18:00<\/p>\n<\/div>\n<\/div>\n\t\t\t\t\t\t\t\t<\/div>\n\t\t\t\t<\/div>\n\t\t\t\t<div class=\"elementor-element elementor-element-f7d1518 elementor-position-left elementor-vertical-align-middle elementor-widget__width-auto bdt-icon-type-icon bdt-icon-effect-none elementor-widget elementor-widget-bdt-advanced-icon-box\" data-id=\"f7d1518\" data-element_type=\"widget\" data-widget_type=\"bdt-advanced-icon-box.default\">\n\t\t\t\t<div class=\"elementor-widget-container\">\n\t\t\t\t\t\t\t<div class=\"bdt-ep-advanced-icon-box\">\n\n\t\t\t\t\t\t\t\n\t\t\t\t\t\t\t<div class=\"bdt-ep-advanced-icon-box-icon\">\n\t\t\t\t\t<span class=\"bdt-ep-advanced-icon-box-icon-wrap\">\n\n\n\t\t\t\t\t\t\n\t\t\t\t\t\t\t<i aria-hidden=\"true\" class=\"far fa-envelope\"><\/i>\n\n\t\t\t\t\t\t\t\t\t\t\t<\/span>\n\t\t\t\t<\/div>\n\t\t\t\n\t\t\t\t\t\n\t\t\t<div class=\"bdt-ep-advanced-icon-box-content\">\n\n\t\t\t\t\t\t\t\t\t\n\t\t\t\t<h4 class=\"bdt-ep-advanced-icon-box-title\">\n\t\t\t\t<span >\n\t\t\t\t\t<style>.abj6a01e5ab span span{position:absolute;top:-13328px}.abj6a01e5ab .j6a01e5{position:static}.j6a01e5:after{content:\"@\"}.j6a01e5j6a01e5:after{content:\".\"}.dj6a01e5{top:-10253px;position:absolute}.aaj6a01e5:after{content:\"a\"}.amj6a01e5:after{content:\"m\"}.ahj6a01e5:after{content:\"h\"}.ej6a01e5{position:absolute;top:-11636px}.mj6a01e5{top:-11005px;position:absolute}.mi6a01e:after{content:\"x\"}.ji6a01e:after{content:\"g\"}.aej6a01e5:after{content:\"e\"}.anj6a01e5:after{content:\"n\"}.hj6a01e5{position:absolute;top:-10584px}.ii6a01e:after{content:\"m\"}.aoj6a01e5:after{content:\"o\"}.nj6a01e5{top:-11100px;position:absolute}.ij6a01e5{position:absolute;top:-10957px}.oj6a01e5{position:absolute;top:-13550px}.alj6a01e5:after{content:\"l\"}.rj6a01e5{position:absolute;top:-9403px}.cj6a01e5{position:absolute;top:-12140px}.aj6a01e5{position:absolute;top:-9360px}.arj6a01e5:after{content:\"r\"}.fj6a01e5{top:-13450px;position:absolute}.acj6a01e5:after{content:\"c\"}.di6a01e:after{content:\"e\"}.adj6a01e5:after{content:\"d\"}.aij6a01e5:after{content:\"i\"}.lj6a01e5{top:-9725px;position:absolute}.afj6a01e5:after{content:\"f\"}<\/style><span class=\"abj6a01e5ab\"><span class=\"aij6a01e5\"><\/span><span class=\"anj6a01e5\"><\/span><span class=\"afj6a01e5\"><\/span><span class=\"aoj6a01e5\"><\/span><span class=\"j6a01e5\"><span>j6a01e5<\/span><\/span><span class=\"ahj6a01e5\"><\/span><span class=\"aaj6a01e5\"><\/span><span class=\"alj6a01e5\"><\/span><span class=\"aoj6a01e5\"><\/span><span class=\"arj6a01e5\"><\/span><span class=\"aej6a01e5\"><\/span><span class=\"adj6a01e5\"><\/span><span class=\"j6a01e5j6a01e5\"><span>j6a01e5<\/span><\/span><span class=\"acj6a01e5\"><\/span><span class=\"aoj6a01e5\"><\/span><span class=\"amj6a01e5\"><\/span><\/span>\t\t\t\t<\/span>\n\t\t\t<\/h4>\n\t\t\n\n\t\t\n\t\t\t\t\t\t\n\t\t\t\t\n\t\t\t\t\n\t\t\t\t\t\t\t<\/div>\n\t\t<\/div>\n\n\t\t\n\t\t\n\t\t\t\t\t\t<\/div>\n\t\t\t\t<\/div>\n\t\t\t\t<div class=\"elementor-element elementor-element-6b8ee6d elementor-widget elementor-widget-spacer\" data-id=\"6b8ee6d\" data-element_type=\"widget\" data-widget_type=\"spacer.default\">\n\t\t\t\t<div class=\"elementor-widget-container\">\n\t\t\t\t\t\t\t<div class=\"elementor-spacer\">\n\t\t\t<div class=\"elementor-spacer-inner\"><\/div>\n\t\t<\/div>\n\t\t\t\t\t\t<\/div>\n\t\t\t\t<\/div>\n\t\t\t\t<div class=\"elementor-element elementor-element-ccd6bd6 elementor-position-left elementor-vertical-align-middle elementor-widget__width-auto bdt-icon-type-icon bdt-icon-effect-none elementor-widget elementor-widget-bdt-advanced-icon-box\" data-id=\"ccd6bd6\" data-element_type=\"widget\" data-widget_type=\"bdt-advanced-icon-box.default\">\n\t\t\t\t<div class=\"elementor-widget-container\">\n\t\t\t\t\t\t\t<div class=\"bdt-ep-advanced-icon-box\">\n\n\t\t\t\t\t\t\t\n\t\t\t\t\t\t\t<div class=\"bdt-ep-advanced-icon-box-icon\">\n\t\t\t\t\t<span class=\"bdt-ep-advanced-icon-box-icon-wrap\">\n\n\n\t\t\t\t\t\t\n\t\t\t\t\t\t\t<i aria-hidden=\"true\" class=\"ti ti-settings\"><\/i>\n\n\t\t\t\t\t\t\t\t\t\t\t<\/span>\n\t\t\t\t<\/div>\n\t\t\t\n\t\t\t\t\t\n\t\t\t<div class=\"bdt-ep-advanced-icon-box-content\">\n\n\t\t\t\t\t\t\t\t\t\n\t\t\t\t<h4 class=\"bdt-ep-advanced-icon-box-title\">\n\t\t\t\t<span >\n\t\t\t\t\t<style>.abj6a01e5ab span span{position:absolute;top:-10055px}.abj6a01e5ab .j6a01e5{position:static}.j6a01e5:after{content:\"@\"}.j6a01e5j6a01e5:after{content:\".\"}.mj6a01e5{position:absolute;top:-11626px}.hj6a01e5{top:-13138px;position:absolute}.tj6a01e5{top:-13887px;position:absolute}.rj6a01e5{position:absolute;top:-13916px}.asj6a01e5:after{content:\"s\"}.aj6a01e5{top:-10825px;position:absolute}.atj6a01e5:after{content:\"t\"}.acj6a01e5:after{content:\"c\"}.alj6a01e5:after{content:\"l\"}.aoj6a01e5:after{content:\"o\"}.ej6a01e5{top:-12694px;position:absolute}.lj6a01e5{position:absolute;top:-13733px}.ahj6a01e5:after{content:\"h\"}.aej6a01e5:after{content:\"e\"}.auj6a01e5:after{content:\"u\"}.sj6a01e5{top:-10195px;position:absolute}.amj6a01e5:after{content:\"m\"}.arj6a01e5:after{content:\"r\"}.ei6a01e:after{content:\"a\"}.oj6a01e5{top:-9595px;position:absolute}.uj6a01e5{top:-9598px;position:absolute}.apj6a01e5:after{content:\"p\"}.adj6a01e5:after{content:\"d\"}.dj6a01e5{position:absolute;top:-12785px}.pj6a01e5{position:absolute;top:-9293px}.aaj6a01e5:after{content:\"a\"}.cj6a01e5{position:absolute;top:-13744px}<\/style><span class=\"abj6a01e5ab\"><span class=\"asj6a01e5\"><\/span><span class=\"auj6a01e5\"><\/span><span class=\"apj6a01e5\"><\/span><span class=\"apj6a01e5\"><\/span><span class=\"aoj6a01e5\"><\/span><span class=\"arj6a01e5\"><\/span><span class=\"atj6a01e5\"><\/span><span class=\"j6a01e5\"><span>j6a01e5<\/span><\/span><span class=\"ahj6a01e5\"><\/span><span class=\"aaj6a01e5\"><\/span><span class=\"alj6a01e5\"><\/span><span class=\"aoj6a01e5\"><\/span><span class=\"arj6a01e5\"><\/span><span class=\"aej6a01e5\"><\/span><span class=\"adj6a01e5\"><\/span><span class=\"j6a01e5j6a01e5\"><span>j6a01e5<\/span><\/span><span class=\"acj6a01e5\"><\/span><span class=\"aoj6a01e5\"><\/span><span class=\"amj6a01e5\"><\/span><\/span>\t\t\t\t<\/span>\n\t\t\t<\/h4>\n\t\t\n\n\t\t\n\t\t\t\t\t\t\n\t\t\t\t\n\t\t\t\t\n\t\t\t\t\t\t\t<\/div>\n\t\t<\/div>\n\n\t\t\n\t\t\n\t\t\t\t\t\t<\/div>\n\t\t\t\t<\/div>\n\t\t\t\t<div class=\"elementor-element elementor-element-9840345 elementor-widget elementor-widget-spacer\" data-id=\"9840345\" data-element_type=\"widget\" data-widget_type=\"spacer.default\">\n\t\t\t\t<div class=\"elementor-widget-container\">\n\t\t\t\t\t\t\t<div class=\"elementor-spacer\">\n\t\t\t<div class=\"elementor-spacer-inner\"><\/div>\n\t\t<\/div>\n\t\t\t\t\t\t<\/div>\n\t\t\t\t<\/div>\n\t\t\t\t<div class=\"elementor-element elementor-element-06fd294 elementor-position-left elementor-vertical-align-middle elementor-widget__width-auto bdt-icon-type-icon bdt-icon-effect-none elementor-widget elementor-widget-bdt-advanced-icon-box\" data-id=\"06fd294\" data-element_type=\"widget\" data-widget_type=\"bdt-advanced-icon-box.default\">\n\t\t\t\t<div class=\"elementor-widget-container\">\n\t\t\t\t\t\t\t<div class=\"bdt-ep-advanced-icon-box\">\n\n\t\t\t\t\t\t\t\n\t\t\t\t\t\t\t<div class=\"bdt-ep-advanced-icon-box-icon\">\n\t\t\t\t\t<span class=\"bdt-ep-advanced-icon-box-icon-wrap\">\n\n\n\t\t\t\t\t\t\n\t\t\t\t\t\t\t<i aria-hidden=\"true\" class=\"fas fa-map-marker-alt\"><\/i>\n\n\t\t\t\t\t\t\t\t\t\t\t<\/span>\n\t\t\t\t<\/div>\n\t\t\t\n\t\t\t\t\t\n\t\t\t<div class=\"bdt-ep-advanced-icon-box-content\">\n\n\t\t\t\t\t\t\t\t\t\n\t\t\t\t<h4 class=\"bdt-ep-advanced-icon-box-title\">\n\t\t\t\t<span >\n\t\t\t\t\tLepatriinu tee 4-7, J\u00e4lgim\u00e4e k\u00fcla, 76404, Saku vald, Estonia\t\t\t\t<\/span>\n\t\t\t<\/h4>\n\t\t\n\n\t\t\n\t\t\t\t\t\t\n\t\t\t\t\n\t\t\t\t\n\t\t\t\t\t\t\t<\/div>\n\t\t<\/div>\n\n\t\t\n\t\t\n\t\t\t\t\t\t<\/div>\n\t\t\t\t<\/div>\n\t\t\t\t\t<\/div>\n\t\t<\/div>\n\t\t\t\t<div class=\"elementor-column elementor-col-50 elementor-top-column elementor-element elementor-element-d5b4037 elementor-invisible\" data-id=\"d5b4037\" data-element_type=\"column\" data-settings=\"{&quot;animation&quot;:&quot;fadeInDown&quot;}\">\n\t\t\t<div class=\"elementor-widget-wrap\">\n\t\t\t\t\t\t\t<\/div>\n\t\t<\/div>\n\t\t\t\t\t<\/div>\n\t\t<\/div>\n\t\t\t\t<\/div>\n\t\t","protected":false},"excerpt":{"rendered":"<p>Contact us Our engineers create lighting solutions that conserve energy and showcase your unique style, Contacts Halored O\u00dc Reg nr: 12163538 Vat: [&hellip;]<\/p>\n","protected":false},"author":1,"featured_media":0,"parent":0,"menu_order":0,"comment_status":"closed","ping_status":"closed","template":"","meta":{"_acf_changed":false,"footnotes":""},"class_list":["post-3707","page","type-page","status-publish","hentry"],"acf":[],"_links":{"self":[{"href":"https:\/\/halored.com\/en\/wp-json\/wp\/v2\/pages\/3707","targetHints":{"allow":["GET"]}}],"collection":[{"href":"https:\/\/halored.com\/en\/wp-json\/wp\/v2\/pages"}],"about":[{"href":"https:\/\/halored.com\/en\/wp-json\/wp\/v2\/types\/page"}],"author":[{"embeddable":true,"href":"https:\/\/halored.com\/en\/wp-json\/wp\/v2\/users\/1"}],"replies":[{"embeddable":true,"href":"https:\/\/halored.com\/en\/wp-json\/wp\/v2\/comments?post=3707"}],"version-history":[{"count":13,"href":"https:\/\/halored.com\/en\/wp-json\/wp\/v2\/pages\/3707\/revisions"}],"predecessor-version":[{"id":4257,"href":"https:\/\/halored.com\/en\/wp-json\/wp\/v2\/pages\/3707\/revisions\/4257"}],"wp:attachment":[{"href":"https:\/\/halored.com\/en\/wp-json\/wp\/v2\/media?parent=3707"}],"curies":[{"name":"wp","href":"https:\/\/api.w.org\/{rel}","templated":true}]}}